{"id":9,"date":"2022-09-23T15:30:38","date_gmt":"2022-09-23T15:30:38","guid":{"rendered":"http:\/\/www.celulosasdeleste.es\/?page_id=9"},"modified":"2022-09-25T15:04:18","modified_gmt":"2022-09-25T15:04:18","slug":"celulosas-del-este","status":"publish","type":"page","link":"http:\/\/www.celulosasdeleste.es\/","title":{"rendered":"Inicio"},"content":{"rendered":"\t\t<div data-elementor-type=\"wp-post\" data-elementor-id=\"9\" class=\"elementor elementor-9\">\n\t\t\t\t\t\t\t\t\t<section class=\"elementor-section elementor-top-section elementor-element elementor-element-30fa3e2 elementor-section-boxed elementor-section-height-default elementor-section-height-default\" data-id=\"30fa3e2\" data-element_type=\"section\">\n\t\t\t\t\t\t<div class=\"elementor-container elementor-column-gap-default\">\n\t\t\t\t\t<div class=\"elementor-column elementor-col-100 elementor-top-column elementor-element elementor-element-cbd02bf\" data-id=\"cbd02bf\" data-element_type=\"column\">\n\t\t\t<div class=\"elementor-widget-wrap elementor-element-populated\">\n\t\t\t\t\t\t\t\t<div class=\"elementor-element elementor-element-ddabc42 elementor-widget elementor-widget-heading\" data-id=\"ddabc42\" data-element_type=\"widget\" data-widget_type=\"heading.default\">\n\t\t\t\t<div class=\"elementor-widget-container\">\n\t\t\t<style>\/*! elementor - v3.7.8 - 02-10-2022 *\/\n.elementor-heading-title{padding:0;margin:0;line-height:1}.elementor-widget-heading .elementor-heading-title[class*=elementor-size-]>a{color:inherit;font-size:inherit;line-height:inherit}.elementor-widget-heading .elementor-heading-title.elementor-size-small{font-size:15px}.elementor-widget-heading .elementor-heading-title.elementor-size-medium{font-size:19px}.elementor-widget-heading .elementor-heading-title.elementor-size-large{font-size:29px}.elementor-widget-heading .elementor-heading-title.elementor-size-xl{font-size:39px}.elementor-widget-heading .elementor-heading-title.elementor-size-xxl{font-size:59px}<\/style><h2 class=\"elementor-heading-title elementor-size-default\">Quienes Somos,<\/h2>\t\t<\/div>\n\t\t\t\t<\/div>\n\t\t\t\t\t<\/div>\n\t\t<\/div>\n\t\t\t\t\t\t\t<\/div>\n\t\t<\/section>\n\t\t\t\t<section class=\"elementor-section elementor-top-section elementor-element elementor-element-54aeda6 elementor-section-boxed elementor-section-height-default elementor-section-height-default\" data-id=\"54aeda6\" data-element_type=\"section\">\n\t\t\t\t\t\t<div class=\"elementor-container elementor-column-gap-default\">\n\t\t\t\t\t<div class=\"elementor-column elementor-col-50 elementor-top-column elementor-element elementor-element-5f527e4\" data-id=\"5f527e4\" data-element_type=\"column\">\n\t\t\t<div class=\"elementor-widget-wrap elementor-element-populated\">\n\t\t\t\t\t\t\t\t<div class=\"elementor-element elementor-element-01a21e6 elementor-widget elementor-widget-image\" data-id=\"01a21e6\" data-element_type=\"widget\" data-widget_type=\"image.default\">\n\t\t\t\t<div class=\"elementor-widget-container\">\n\t\t\t<style>\/*! elementor - v3.7.8 - 02-10-2022 *\/\n.elementor-widget-image{text-align:center}.elementor-widget-image a{display:inline-block}.elementor-widget-image a img[src$=\".svg\"]{width:48px}.elementor-widget-image img{vertical-align:middle;display:inline-block}<\/style>\t\t\t\t\t\t\t\t\t\t\t\t<img loading=\"lazy\" decoding=\"async\" width=\"568\" height=\"429\" src=\"http:\/\/www.celulosasdeleste.es\/wp-content\/uploads\/2022\/09\/logo.jpg\" class=\"attachment-large size-large\" alt=\"\" srcset=\"http:\/\/www.celulosasdeleste.es\/wp-content\/uploads\/2022\/09\/logo.jpg 568w, http:\/\/www.celulosasdeleste.es\/wp-content\/uploads\/2022\/09\/logo-300x227.jpg 300w\" sizes=\"auto, 100vw\" \/>\t\t\t\t\t\t\t\t\t\t\t\t\t\t\t<\/div>\n\t\t\t\t<\/div>\n\t\t\t\t\t<\/div>\n\t\t<\/div>\n\t\t\t\t<div class=\"elementor-column elementor-col-50 elementor-top-column elementor-element elementor-element-51fe283\" data-id=\"51fe283\" data-element_type=\"column\">\n\t\t\t<div class=\"elementor-widget-wrap elementor-element-populated\">\n\t\t\t\t\t\t\t\t<div class=\"elementor-element elementor-element-970b571 elementor-widget elementor-widget-text-editor\" data-id=\"970b571\" data-element_type=\"widget\" data-widget_type=\"text-editor.default\">\n\t\t\t\t<div class=\"elementor-widget-container\">\n\t\t\t<style>\/*! elementor - v3.7.8 - 02-10-2022 *\/\n.elementor-widget-text-editor.elementor-drop-cap-view-stacked .elementor-drop-cap{background-color:#818a91;color:#fff}.elementor-widget-text-editor.elementor-drop-cap-view-framed .elementor-drop-cap{color:#818a91;border:3px solid;background-color:transparent}.elementor-widget-text-editor:not(.elementor-drop-cap-view-default) .elementor-drop-cap{margin-top:8px}.elementor-widget-text-editor:not(.elementor-drop-cap-view-default) .elementor-drop-cap-letter{width:1em;height:1em}.elementor-widget-text-editor .elementor-drop-cap{float:left;text-align:center;line-height:1;font-size:50px}.elementor-widget-text-editor .elementor-drop-cap-letter{display:inline-block}<\/style>\t\t\t\t<h5 style=\"padding-left: 40px;\">CELULOSAS DEL ESTE, es una compa\u00f1\u00eda con sede central en Ribarroja del T\u00faria (Valencia).<\/h5><p style=\"padding-left: 40px;\"><strong>Somos especialistas en la producci\u00f3n de celulosas ( secamanos, papel higi\u00e9nico, bobinas, toallas, etc), para el suministro en los distintos sectores como la hosteler\u00eda, lavander\u00eda, automoci\u00f3n, alimentaria, agricultura, construcci\u00f3n, hospitales, \u00e1reas de gran consumo y la industria en general.<\/strong><\/p>\t\t\t\t\t\t<\/div>\n\t\t\t\t<\/div>\n\t\t\t\t\t<\/div>\n\t\t<\/div>\n\t\t\t\t\t\t\t<\/div>\n\t\t<\/section>\n\t\t\t\t<section class=\"elementor-section elementor-top-section elementor-element elementor-element-6f6afdd elementor-section-boxed elementor-section-height-default elementor-section-height-default elementor-invisible\" data-id=\"6f6afdd\" data-element_type=\"section\" data-settings=\"{&quot;animation&quot;:&quot;fadeInLeft&quot;}\">\n\t\t\t\t\t\t<div class=\"elementor-container elementor-column-gap-default\">\n\t\t\t\t\t<div class=\"elementor-column elementor-col-100 elementor-top-column elementor-element elementor-element-1e1d0c9\" data-id=\"1e1d0c9\" data-element_type=\"column\">\n\t\t\t<div class=\"elementor-widget-wrap elementor-element-populated\">\n\t\t\t\t\t\t\t\t<div class=\"elementor-element elementor-element-57b3f45 elementor-widget elementor-widget-heading\" data-id=\"57b3f45\" data-element_type=\"widget\" data-widget_type=\"heading.default\">\n\t\t\t\t<div class=\"elementor-widget-container\">\n\t\t\t<h2 class=\"elementor-heading-title elementor-size-default\">Qu\u00e9 es lo que nos caracteriza,<\/h2>\t\t<\/div>\n\t\t\t\t<\/div>\n\t\t\t\t\t<\/div>\n\t\t<\/div>\n\t\t\t\t\t\t\t<\/div>\n\t\t<\/section>\n\t\t\t\t<section class=\"elementor-section elementor-top-section elementor-element elementor-element-4c04e3c elementor-section-boxed elementor-section-height-default elementor-section-height-default elementor-invisible\" data-id=\"4c04e3c\" data-element_type=\"section\" data-settings=\"{&quot;animation&quot;:&quot;fadeInLeft&quot;}\">\n\t\t\t\t\t\t<div class=\"elementor-container elementor-column-gap-default\">\n\t\t\t\t\t<div class=\"elementor-column elementor-col-50 elementor-top-column elementor-element elementor-element-04ac266\" data-id=\"04ac266\" data-element_type=\"column\">\n\t\t\t<div class=\"elementor-widget-wrap elementor-element-populated\">\n\t\t\t\t\t\t\t\t<div class=\"elementor-element elementor-element-dae20b1 elementor-widget elementor-widget-image\" data-id=\"dae20b1\" data-element_type=\"widget\" data-widget_type=\"image.default\">\n\t\t\t\t<div class=\"elementor-widget-container\">\n\t\t\t\t\t\t\t\t\t\t\t\t\t\t\t<img loading=\"lazy\" decoding=\"async\" width=\"300\" height=\"300\" src=\"http:\/\/www.celulosasdeleste.es\/wp-content\/uploads\/2022\/09\/palet.552-300x300.jpg\" class=\"attachment-medium size-medium\" alt=\"\" srcset=\"http:\/\/www.celulosasdeleste.es\/wp-content\/uploads\/2022\/09\/palet.552-300x300.jpg 300w, http:\/\/www.celulosasdeleste.es\/wp-content\/uploads\/2022\/09\/palet.552.jpg 1024w, http:\/\/www.celulosasdeleste.es\/wp-content\/uploads\/2022\/09\/palet.552-150x150.jpg 150w, http:\/\/www.celulosasdeleste.es\/wp-content\/uploads\/2022\/09\/palet.552-768x768.jpg 768w, http:\/\/www.celulosasdeleste.es\/wp-content\/uploads\/2022\/09\/palet.552-600x600.jpg 600w, http:\/\/www.celulosasdeleste.es\/wp-content\/uploads\/2022\/09\/palet.552-800x800.jpg 800w\" sizes=\"auto, 100vw\" \/>\t\t\t\t\t\t\t\t\t\t\t\t\t\t\t<\/div>\n\t\t\t\t<\/div>\n\t\t\t\t\t<\/div>\n\t\t<\/div>\n\t\t\t\t<div class=\"elementor-column elementor-col-50 elementor-top-column elementor-element elementor-element-03096d7\" data-id=\"03096d7\" data-element_type=\"column\">\n\t\t\t<div class=\"elementor-widget-wrap elementor-element-populated\">\n\t\t\t\t\t\t\t\t<div class=\"elementor-element elementor-element-a3f469f elementor-widget elementor-widget-text-editor\" data-id=\"a3f469f\" data-element_type=\"widget\" data-widget_type=\"text-editor.default\">\n\t\t\t\t<div class=\"elementor-widget-container\">\n\t\t\t\t\t\t\t<ul><li><strong>Nos caracterizamos por el trato directo y la rapidez en el servicio, siendo la cercan\u00eda una de nuestras m\u00e1ximas exigencias a la hora de afrontar las distintas soluciones a los problemas que continuamente aparecen en el mercado<\/strong><\/li><\/ul><ul><li><strong>Analizamos las necesidades del cliente y con la m\u00e1xima celeridad le presentamos las soluciones pertinentes y personalizadas para cada situaci\u00f3n y necesidad concreta.<\/strong><\/li><\/ul>\t\t\t\t\t\t<\/div>\n\t\t\t\t<\/div>\n\t\t\t\t\t<\/div>\n\t\t<\/div>\n\t\t\t\t\t\t\t<\/div>\n\t\t<\/section>\n\t\t\t\t<section class=\"elementor-section elementor-top-section elementor-element elementor-element-4539c22 elementor-section-boxed elementor-section-height-default elementor-section-height-default elementor-invisible\" data-id=\"4539c22\" data-element_type=\"section\" data-settings=\"{&quot;animation&quot;:&quot;fadeInRight&quot;}\">\n\t\t\t\t\t\t<div class=\"elementor-container elementor-column-gap-default\">\n\t\t\t\t\t<div class=\"elementor-column elementor-col-100 elementor-top-column elementor-element elementor-element-378ea45\" data-id=\"378ea45\" data-element_type=\"column\">\n\t\t\t<div class=\"elementor-widget-wrap elementor-element-populated\">\n\t\t\t\t\t\t\t\t<div class=\"elementor-element elementor-element-0f30721 elementor-widget elementor-widget-heading\" data-id=\"0f30721\" data-element_type=\"widget\" data-widget_type=\"heading.default\">\n\t\t\t\t<div class=\"elementor-widget-container\">\n\t\t\t<h2 class=\"elementor-heading-title elementor-size-default\">Que buscamos<\/h2>\t\t<\/div>\n\t\t\t\t<\/div>\n\t\t\t\t\t<\/div>\n\t\t<\/div>\n\t\t\t\t\t\t\t<\/div>\n\t\t<\/section>\n\t\t\t\t<section class=\"elementor-section elementor-top-section elementor-element elementor-element-c8fdeca elementor-section-boxed elementor-section-height-default elementor-section-height-default elementor-invisible\" data-id=\"c8fdeca\" data-element_type=\"section\" data-settings=\"{&quot;animation&quot;:&quot;fadeInRight&quot;}\">\n\t\t\t\t\t\t<div class=\"elementor-container elementor-column-gap-default\">\n\t\t\t\t\t<div class=\"elementor-column elementor-col-50 elementor-top-column elementor-element elementor-element-f239766\" data-id=\"f239766\" data-element_type=\"column\">\n\t\t\t<div class=\"elementor-widget-wrap elementor-element-populated\">\n\t\t\t\t\t\t\t\t<div class=\"elementor-element elementor-element-755046d elementor-widget elementor-widget-image\" data-id=\"755046d\" data-element_type=\"widget\" data-widget_type=\"image.default\">\n\t\t\t\t<div class=\"elementor-widget-container\">\n\t\t\t\t\t\t\t\t\t\t\t\t\t\t\t<img loading=\"lazy\" decoding=\"async\" width=\"300\" height=\"171\" src=\"http:\/\/www.celulosasdeleste.es\/wp-content\/uploads\/2022\/09\/secamanosazul2-300x171.png\" class=\"attachment-medium size-medium\" alt=\"\" srcset=\"http:\/\/www.celulosasdeleste.es\/wp-content\/uploads\/2022\/09\/secamanosazul2-300x171.png 300w, http:\/\/www.celulosasdeleste.es\/wp-content\/uploads\/2022\/09\/secamanosazul2-768x437.png 768w, http:\/\/www.celulosasdeleste.es\/wp-content\/uploads\/2022\/09\/secamanosazul2-600x341.png 600w, http:\/\/www.celulosasdeleste.es\/wp-content\/uploads\/2022\/09\/secamanosazul2.png 936w\" sizes=\"auto, 100vw\" \/>\t\t\t\t\t\t\t\t\t\t\t\t\t\t\t<\/div>\n\t\t\t\t<\/div>\n\t\t\t\t\t<\/div>\n\t\t<\/div>\n\t\t\t\t<div class=\"elementor-column elementor-col-50 elementor-top-column elementor-element elementor-element-b74e3d5\" data-id=\"b74e3d5\" data-element_type=\"column\">\n\t\t\t<div class=\"elementor-widget-wrap elementor-element-populated\">\n\t\t\t\t\t\t\t\t<div class=\"elementor-element elementor-element-34e7609 elementor-widget elementor-widget-text-editor\" data-id=\"34e7609\" data-element_type=\"widget\" data-widget_type=\"text-editor.default\">\n\t\t\t\t<div class=\"elementor-widget-container\">\n\t\t\t\t\t\t\t<p style=\"padding-left: 40px;\"><strong>Siempre buscamos la mejor presentaci\u00f3n del producto con la m\u00e1xima eficacia. Productos cada vez m\u00e1s diferenciados, con prestaciones a la altura de las nuevas exigencias del mercado, sin perder calidad y con la m\u00e1xima rentabilidad posible para nuestros clientes.<\/strong><\/p>\t\t\t\t\t\t<\/div>\n\t\t\t\t<\/div>\n\t\t\t\t\t<\/div>\n\t\t<\/div>\n\t\t\t\t\t\t\t<\/div>\n\t\t<\/section>\n\t\t\t\t<section class=\"elementor-section elementor-top-section elementor-element elementor-element-fba83b0 elementor-section-boxed elementor-section-height-default elementor-section-height-default elementor-invisible\" data-id=\"fba83b0\" data-element_type=\"section\" data-settings=\"{&quot;animation&quot;:&quot;fadeInLeft&quot;}\">\n\t\t\t\t\t\t<div class=\"elementor-container elementor-column-gap-default\">\n\t\t\t\t\t<div class=\"elementor-column elementor-col-100 elementor-top-column elementor-element elementor-element-b848dbc\" data-id=\"b848dbc\" data-element_type=\"column\">\n\t\t\t<div class=\"elementor-widget-wrap elementor-element-populated\">\n\t\t\t\t\t\t\t\t<div class=\"elementor-element elementor-element-3987146 elementor-widget elementor-widget-heading\" data-id=\"3987146\" data-element_type=\"widget\" data-widget_type=\"heading.default\">\n\t\t\t\t<div class=\"elementor-widget-container\">\n\t\t\t<h2 class=\"elementor-heading-title elementor-size-default\">A Que aspiramos<\/h2>\t\t<\/div>\n\t\t\t\t<\/div>\n\t\t\t\t\t<\/div>\n\t\t<\/div>\n\t\t\t\t\t\t\t<\/div>\n\t\t<\/section>\n\t\t\t\t<section class=\"elementor-section elementor-top-section elementor-element elementor-element-1796a28 elementor-section-boxed elementor-section-height-default elementor-section-height-default elementor-invisible\" data-id=\"1796a28\" data-element_type=\"section\" data-settings=\"{&quot;animation&quot;:&quot;fadeInLeft&quot;}\">\n\t\t\t\t\t\t<div class=\"elementor-container elementor-column-gap-default\">\n\t\t\t\t\t<div class=\"elementor-column elementor-col-50 elementor-top-column elementor-element elementor-element-2c8f263\" data-id=\"2c8f263\" data-element_type=\"column\">\n\t\t\t<div class=\"elementor-widget-wrap elementor-element-populated\">\n\t\t\t\t\t\t\t\t<div class=\"elementor-element elementor-element-560bc4b elementor-widget elementor-widget-image\" data-id=\"560bc4b\" data-element_type=\"widget\" data-widget_type=\"image.default\">\n\t\t\t\t<div class=\"elementor-widget-container\">\n\t\t\t\t\t\t\t\t\t\t\t\t\t\t\t<img loading=\"lazy\" decoding=\"async\" width=\"300\" height=\"300\" src=\"http:\/\/www.celulosasdeleste.es\/wp-content\/uploads\/2022\/09\/palet.552-300x300.jpg\" class=\"attachment-medium size-medium\" alt=\"\" srcset=\"http:\/\/www.celulosasdeleste.es\/wp-content\/uploads\/2022\/09\/palet.552-300x300.jpg 300w, http:\/\/www.celulosasdeleste.es\/wp-content\/uploads\/2022\/09\/palet.552.jpg 1024w, http:\/\/www.celulosasdeleste.es\/wp-content\/uploads\/2022\/09\/palet.552-150x150.jpg 150w, http:\/\/www.celulosasdeleste.es\/wp-content\/uploads\/2022\/09\/palet.552-768x768.jpg 768w, http:\/\/www.celulosasdeleste.es\/wp-content\/uploads\/2022\/09\/palet.552-600x600.jpg 600w, http:\/\/www.celulosasdeleste.es\/wp-content\/uploads\/2022\/09\/palet.552-800x800.jpg 800w\" sizes=\"auto, 100vw\" \/>\t\t\t\t\t\t\t\t\t\t\t\t\t\t\t<\/div>\n\t\t\t\t<\/div>\n\t\t\t\t\t<\/div>\n\t\t<\/div>\n\t\t\t\t<div class=\"elementor-column elementor-col-50 elementor-top-column elementor-element elementor-element-1c2c4a7\" data-id=\"1c2c4a7\" data-element_type=\"column\">\n\t\t\t<div class=\"elementor-widget-wrap elementor-element-populated\">\n\t\t\t\t\t\t\t\t<div class=\"elementor-element elementor-element-edbcdbd elementor-widget elementor-widget-text-editor\" data-id=\"edbcdbd\" data-element_type=\"widget\" data-widget_type=\"text-editor.default\">\n\t\t\t\t<div class=\"elementor-widget-container\">\n\t\t\t\t\t\t\t<p style=\"padding-left: 40px;\"><strong>CELULOSAS DEL ESTE aspira a consolidar su posici\u00f3n apostando por la innovaci\u00f3n tecnol\u00f3gica y de productos que permitan a nuestra empresa estar a la vanguardia de servicios en el sector.<\/strong><\/p>\t\t\t\t\t\t<\/div>\n\t\t\t\t<\/div>\n\t\t\t\t\t<\/div>\n\t\t<\/div>\n\t\t\t\t\t\t\t<\/div>\n\t\t<\/section>\n\t\t\t\t<section class=\"elementor-section elementor-top-section elementor-element elementor-element-71db320 elementor-section-boxed elementor-section-height-default elementor-section-height-default\" data-id=\"71db320\" data-element_type=\"section\">\n\t\t\t\t\t\t<div class=\"elementor-container elementor-column-gap-default\">\n\t\t\t\t\t<div class=\"elementor-column elementor-col-100 elementor-top-column elementor-element elementor-element-9ad2591\" data-id=\"9ad2591\" data-element_type=\"column\">\n\t\t\t<div class=\"elementor-widget-wrap elementor-element-populated\">\n\t\t\t\t\t\t\t\t<section class=\"elementor-section elementor-inner-section elementor-element elementor-element-c7b553b elementor-section-boxed elementor-section-height-default elementor-section-height-default\" data-id=\"c7b553b\" data-element_type=\"section\">\n\t\t\t\t\t\t<div class=\"elementor-container elementor-column-gap-default\">\n\t\t\t\t\t<div class=\"elementor-column elementor-col-50 elementor-inner-column elementor-element elementor-element-67811c5\" data-id=\"67811c5\" data-element_type=\"column\">\n\t\t\t<div class=\"elementor-widget-wrap\">\n\t\t\t\t\t\t\t\t\t<\/div>\n\t\t<\/div>\n\t\t\t\t<div class=\"elementor-column elementor-col-50 elementor-inner-column elementor-element elementor-element-b3cf9ae\" data-id=\"b3cf9ae\" data-element_type=\"column\">\n\t\t\t<div class=\"elementor-widget-wrap\">\n\t\t\t\t\t\t\t\t\t<\/div>\n\t\t<\/div>\n\t\t\t\t\t\t\t<\/div>\n\t\t<\/section>\n\t\t\t\t\t<\/div>\n\t\t<\/div>\n\t\t\t\t\t\t\t<\/div>\n\t\t<\/section>\n\t\t\t\t<section class=\"elementor-section elementor-top-section elementor-element elementor-element-b35a1bb elementor-section-boxed elementor-section-height-default elementor-section-height-default elementor-invisible\" data-id=\"b35a1bb\" data-element_type=\"section\" data-settings=\"{&quot;animation&quot;:&quot;fadeInUp&quot;}\">\n\t\t\t\t\t\t<div class=\"elementor-container elementor-column-gap-default\">\n\t\t\t\t\t<div class=\"elementor-column elementor-col-100 elementor-top-column elementor-element elementor-element-5c84efa\" data-id=\"5c84efa\" data-element_type=\"column\">\n\t\t\t<div class=\"elementor-widget-wrap elementor-element-populated\">\n\t\t\t\t\t\t\t\t<div class=\"elementor-element elementor-element-8c67449 elementor-widget elementor-widget-heading\" data-id=\"8c67449\" data-element_type=\"widget\" data-widget_type=\"heading.default\">\n\t\t\t\t<div class=\"elementor-widget-container\">\n\t\t\t<h2 class=\"elementor-heading-title elementor-size-default\">Ayudas a una nueva linea de Producci\u00f3n financiada por <strong>Conselleria de Econom\u00eda Sostenible, Sectores Productivos, Comercio y Trabajo de la GENERALITAT VALENCIANA<\/strong><br><\/h2>\t\t<\/div>\n\t\t\t\t<\/div>\n\t\t\t\t\t<\/div>\n\t\t<\/div>\n\t\t\t\t\t\t\t<\/div>\n\t\t<\/section>\n\t\t\t\t<section class=\"elementor-section elementor-top-section elementor-element elementor-element-e45663a elementor-section-boxed elementor-section-height-default elementor-section-height-default elementor-invisible\" data-id=\"e45663a\" data-element_type=\"section\" data-settings=\"{&quot;animation&quot;:&quot;fadeInUp&quot;}\">\n\t\t\t\t\t\t<div class=\"elementor-container elementor-column-gap-default\">\n\t\t\t\t\t<div class=\"elementor-column elementor-col-100 elementor-top-column elementor-element elementor-element-9af5084\" data-id=\"9af5084\" data-element_type=\"column\">\n\t\t\t<div class=\"elementor-widget-wrap elementor-element-populated\">\n\t\t\t\t\t\t\t\t<div class=\"elementor-element elementor-element-3ed34aa elementor-widget elementor-widget-text-editor\" data-id=\"3ed34aa\" data-element_type=\"widget\" data-widget_type=\"text-editor.default\">\n\t\t\t\t<div class=\"elementor-widget-container\">\n\t\t\t\t\t\t\t<p style=\"text-align: center;\">CELULOSAS DEL ESTE S.L. ha realizado la <strong>\u201cImplantaci\u00f3n de una nueva l\u00ednea de producci\u00f3n de rollos industriales de papel tis\u00fa\u201d <\/strong>que ha sido financiado por la <strong>Conselleria de Econom\u00eda Sostenible, Sectores Productivos, Comercio y Trabajo <\/strong>incluido dentro del programa ayudas para mejorar la competitividad y la sostenibilidad de las pymes industriales de los sectores de la Comunitat Valenciana del calzado, cer\u00e1mico, metal-mec\u00e1nico, textil, juguete, m\u00e1rmol-piedra natural y \u00e1ridos, madera &#8211; mueble e iluminaci\u00f3n, qu\u00edmico, automoci\u00f3n, pl\u00e1stico, envases y embalaje, papel y artes gr\u00e1ficas, valorizaci\u00f3n de residuos y los sectores emergentes de la biotecnolog\u00eda, producci\u00f3n audiovisual y producci\u00f3n de videojuegos, dentro de la quinta fase de implantaci\u00f3n del Plan estrat\u00e9gico de la industria valenciana. El proyecto ha sido apoyado con una subvenci\u00f3n de 119.035,00 \u20ac con el objetivo de mejorar la oferta y la calidad de los productos que ofrece la empresa.<\/p><p><strong> <img loading=\"lazy\" decoding=\"async\" class=\"size-full wp-image-30 aligncenter\" src=\"http:\/\/www.celulosasdeleste.es\/wp-content\/uploads\/2022\/09\/GeneralitatValemciana.jpg\" alt=\"GeneralitatValemciana\" width=\"244\" height=\"134\" \/><\/strong><\/p>\t\t\t\t\t\t<\/div>\n\t\t\t\t<\/div>\n\t\t\t\t\t<\/div>\n\t\t<\/div>\n\t\t\t\t\t\t\t<\/div>\n\t\t<\/section>\n\t\t\t\t\t\t\t<\/div>\n\t\t","protected":false},"excerpt":{"rendered":"<p>Quienes Somos, CELULOSAS DEL ESTE, es una compa\u00f1\u00eda con sede central en Ribarroja del T\u00faria (Valencia). Somos especialistas en la producci\u00f3n de celulosas ( secamanos, papel higi\u00e9nico, bobinas, toallas, etc), para el suministro en los distintos sectores como la hosteler\u00eda, lavander\u00eda, automoci\u00f3n, alimentaria, agricultura, construcci\u00f3n, hospitales, \u00e1reas de gran consumo y la industria en general. &hellip; <\/p>\n<p class=\"link-more\"><a href=\"http:\/\/www.celulosasdeleste.es\/\" class=\"more-link\">Leer m\u00e1s<span class=\"screen-reader-text\"> \u00abInicio\u00bb<\/span><\/a><\/p>\n","protected":false},"author":1,"featured_media":0,"parent":0,"menu_order":0,"comment_status":"closed","ping_status":"closed","template":"","meta":{"footnotes":""},"class_list":["post-9","page","type-page","status-publish","hentry"],"featured_media_urls":[],"_links":{"self":[{"href":"http:\/\/www.celulosasdeleste.es\/index.php\/wp-json\/wp\/v2\/pages\/9","targetHints":{"allow":["GET"]}}],"collection":[{"href":"http:\/\/www.celulosasdeleste.es\/index.php\/wp-json\/wp\/v2\/pages"}],"about":[{"href":"http:\/\/www.celulosasdeleste.es\/index.php\/wp-json\/wp\/v2\/types\/page"}],"author":[{"embeddable":true,"href":"http:\/\/www.celulosasdeleste.es\/index.php\/wp-json\/wp\/v2\/users\/1"}],"replies":[{"embeddable":true,"href":"http:\/\/www.celulosasdeleste.es\/index.php\/wp-json\/wp\/v2\/comments?post=9"}],"version-history":[{"count":26,"href":"http:\/\/www.celulosasdeleste.es\/index.php\/wp-json\/wp\/v2\/pages\/9\/revisions"}],"predecessor-version":[{"id":78,"href":"http:\/\/www.celulosasdeleste.es\/index.php\/wp-json\/wp\/v2\/pages\/9\/revisions\/78"}],"wp:attachment":[{"href":"http:\/\/www.celulosasdeleste.es\/index.php\/wp-json\/wp\/v2\/media?parent=9"}],"curies":[{"name":"wp","href":"https:\/\/api.w.org\/{rel}","templated":true}]}}